{"id":62,"date":"2013-10-01T11:24:57","date_gmt":"2013-10-01T11:24:57","guid":{"rendered":"http:\/\/energistgaz.com\/?page_id=62"},"modified":"2023-02-04T22:34:39","modified_gmt":"2023-02-04T22:34:39","slug":"bilgi-toplumu","status":"publish","type":"page","link":"https:\/\/energistgaz.com\/?page_id=62","title":{"rendered":"Bilgi Toplumu"},"content":{"rendered":"<p>Bilgi Toplumu Hizmetleri<\/p>\n<table border=\"0\" width=\"583\" cellspacing=\"0\" cellpadding=\"0\">\n<colgroup>\n<col width=\"177\" \/>\n<col width=\"9\" \/>\n<col width=\"397\" \/> <\/colgroup>\n<tbody>\n<tr>\n<td width=\"177\" height=\"14\">Mersis No<\/td>\n<td width=\"9\">:<\/td>\n<td width=\"397\">0-8350-4300-3400011<\/td>\n<\/tr>\n<tr>\n<td height=\"14\"><\/td>\n<td><\/td>\n<td><\/td>\n<\/tr>\n<tr>\n<td height=\"14\">Ticaret \u00fcnvan\u0131<\/td>\n<td>:<\/td>\n<td>Energist Gaz Anonim \u015eirketi<\/td>\n<\/tr>\n<tr>\n<td height=\"14\">merkez Adresi<\/td>\n<td>:<\/td>\n<td>Merkez Mah. Hasat Sokak, No:3 Kat:4 Daire:9 \u015ei\u015fli \/\u0130STANBUL<\/td>\n<\/tr>\n<tr>\n<td height=\"14\"><\/td>\n<td><\/td>\n<td><\/td>\n<\/tr>\n<tr>\n<td height=\"14\">Vergi Dairesi<\/td>\n<td>:<\/td>\n<td>\u015ei\u015fli Vergi Dairesi<\/td>\n<\/tr>\n<tr>\n<td height=\"14\">Vergi No<\/td>\n<td>:<\/td>\n<td>335 043 0034<\/td>\n<\/tr>\n<tr>\n<td height=\"14\"><\/td>\n<td><\/td>\n<td><\/td>\n<\/tr>\n<tr>\n<td height=\"14\">Ticaret odas\u0131<\/td>\n<td>:<\/td>\n<td>\u0130stanbul Ticaret Sicil M\u00fcd\u00fcrl\u00fc\u011f\u00fc<\/td>\n<\/tr>\n<tr>\n<td height=\"14\">Ticaret sicil No<\/td>\n<td>:<\/td>\n<td>810974<\/td>\n<\/tr>\n<tr>\n<td height=\"14\"><\/td>\n<td><\/td>\n<td><\/td>\n<\/tr>\n<tr>\n<td height=\"14\">Taahh\u00fct Edilen Sermaye Miktar\u0131<\/td>\n<td>:<\/td>\n<td>14.000.000,00 TL<\/td>\n<\/tr>\n<tr>\n<td height=\"14\">\u00d6denmi\u015f Sermaye Miktar\u0131<\/td>\n<td>:<\/td>\n<td>14.000.000,00 TL<\/td>\n<\/tr>\n<tr>\n<td height=\"14\"><\/td>\n<td><\/td>\n<td><\/td>\n<\/tr>\n<tr>\n<td height=\"14\">\u00a0Y\u00f6netim Kurulu<\/td>\n<td>:<\/td>\n<td>\u0130brahim Samim SE\u00c7K\u0130N (Y\u00f6netim Kurulu Ba\u015fkan\u0131)<\/td>\n<\/tr>\n<tr>\n<td height=\"14\"><\/td>\n<td><\/td>\n<td><\/td>\n<\/tr>\n<tr>\n<td height=\"14\"><\/td>\n<td><\/td>\n<td><\/td>\n<\/tr>\n<tr>\n<td height=\"14\"><\/td>\n<td><\/td>\n<td><\/td>\n<\/tr>\n<tr>\n<td height=\"14\">Denet\u00e7inin Ad\u0131 Soyad\u0131 \u00dcnvan\u0131<\/td>\n<td>:<\/td>\n<td>Ser&amp;Berker Ba\u011f\u0131ms\u0131z Denetim ve Yeminli Mali M\u00fc\u015favirlik Anonim \u015eirketi<\/td>\n<\/tr>\n<tr>\n<td height=\"14\">Denet\u00e7inin yerle\u015fim yeri<\/td>\n<td>:<\/td>\n<td>O\u011fuzlar Mah. Osmanl\u0131 Caddesi, 1396. sokak, No:13 Balgat \/ ANKARA<\/td>\n<\/tr>\n<\/tbody>\n<\/table>\n","protected":false},"excerpt":{"rendered":"<p>Bilgi Toplumu Hizmetleri Mersis No : 0-8350-4300-3400011 Ticaret \u00fcnvan\u0131 : Energist Gaz Anonim \u015eirketi merkez Adresi : Merkez Mah. Hasat<\/p>\n","protected":false},"author":1,"featured_media":0,"parent":0,"menu_order":0,"comment_status":"closed","ping_status":"open","template":"","meta":{"colormag_page_container_layout":"default_layout","colormag_page_sidebar_layout":"default_layout","footnotes":""},"class_list":["post-62","page","type-page","status-publish","hentry"],"_links":{"self":[{"href":"https:\/\/energistgaz.com\/index.php?rest_route=\/wp\/v2\/pages\/62","targetHints":{"allow":["GET"]}}],"collection":[{"href":"https:\/\/energistgaz.com\/index.php?rest_route=\/wp\/v2\/pages"}],"about":[{"href":"https:\/\/energistgaz.com\/index.php?rest_route=\/wp\/v2\/types\/page"}],"author":[{"embeddable":true,"href":"https:\/\/energistgaz.com\/index.php?rest_route=\/wp\/v2\/users\/1"}],"replies":[{"embeddable":true,"href":"https:\/\/energistgaz.com\/index.php?rest_route=%2Fwp%2Fv2%2Fcomments&post=62"}],"version-history":[{"count":11,"href":"https:\/\/energistgaz.com\/index.php?rest_route=\/wp\/v2\/pages\/62\/revisions"}],"predecessor-version":[{"id":133,"href":"https:\/\/energistgaz.com\/index.php?rest_route=\/wp\/v2\/pages\/62\/revisions\/133"}],"wp:attachment":[{"href":"https:\/\/energistgaz.com\/index.php?rest_route=%2Fwp%2Fv2%2Fmedia&parent=62"}],"curies":[{"name":"wp","href":"https:\/\/api.w.org\/{rel}","templated":true}]}}